{"id":786,"date":"2019-01-27T14:08:48","date_gmt":"2019-01-27T13:08:48","guid":{"rendered":"http:\/\/www.fahrschule-marienhafe.de\/?page_id=786"},"modified":"2019-01-27T14:11:49","modified_gmt":"2019-01-27T13:11:49","slug":"klasse-l","status":"publish","type":"page","link":"https:\/\/www.fahrschule-marienhafe.de\/?page_id=786","title":{"rendered":"Klasse L"},"content":{"rendered":"<h2>Informationen zur F\u00fchrerscheinklasse L<\/h2>\n<p>Umfasst sind Zugmaschinen, die gem\u00e4\u00df ihrer Art f\u00fcr den Einsatz in der Forst- und Landwirtschaft errichtet wurden. Deren H\u00f6chstgeschwindigkeit darf zudem 40 Km\/h nicht \u00fcberschreiten. Gemeint sind folglich Trecker, Futtermaschinen, Stapler sowie \u00e4hnliche Last- und Zuggef\u00e4hrte. Ebenso ist die Mitnahme eines Anh\u00e4ngers erlaubt. Mit diesem reduziert sich das rechtm\u00e4\u00dfige Tempo aber auf 25 Km\/h.<\/p>\n<p>Mindestalter: 16 Jahre<br \/>\nEinschlusskl.: keine<br \/>\nVorbesitz: \u2013<\/p>\n<h3>Ausbildung Klasse L<\/h3>\n<p><strong>Theorie<\/strong><\/p>\n<ul>\n<li>12 Doppelstunden Grundstoff und<\/li>\n<li>2 Doppelstunden Zusatzstoff<\/li>\n<\/ul>\n<h3>Pr\u00fcfung Klasse L<\/h3>\n<p><strong>Theorie<\/strong><\/p>\n<ul>\n<li>30 Fragen bei Ersterwerb max. 10 Fehlerpunkte (bei 10 FP nicht bestanden, wenn 2 x 5 FP)<\/li>\n<\/ul>\n<p><strong>Praxis<\/strong><\/p>\n<ul>\n<li>entf\u00e4llt.<\/li>\n<\/ul>\n","protected":false},"excerpt":{"rendered":"<p>Informationen zur F\u00fchrerscheinklasse L Umfasst sind Zugmaschinen, die gem\u00e4\u00df ihrer Art f\u00fcr den Einsatz in der Forst- und Landwirtschaft errichtet wurden. Deren H\u00f6chstgeschwindigkeit darf zudem 40 Km\/h nicht \u00fcberschreiten. Gemeint sind folglich Trecker, Futtermaschinen, Stapler sowie \u00e4hnliche Last- und Zuggef\u00e4hrte. Ebenso ist die Mitnahme eines Anh\u00e4ngers erlaubt.<\/p>\n","protected":false},"author":3,"featured_media":0,"parent":0,"menu_order":0,"comment_status":"closed","ping_status":"closed","template":"","meta":{"footnotes":""},"class_list":["post-786","page","type-page","status-publish","hentry"],"yoast_head":"<!-- This site is optimized with the Yoast SEO plugin v24.1 - https:\/\/yoast.com\/wordpress\/plugins\/seo\/ -->\n<title>Klasse L - Fahrschule Weber in Marienhafe<\/title>\n<meta name=\"robots\" content=\"index, follow, max-snippet:-1, max-image-preview:large, max-video-preview:-1\" \/>\n<link rel=\"canonical\" href=\"https:\/\/www.fahrschule-marienhafe.de\/?page_id=786\" \/>\n<meta property=\"og:locale\" content=\"de_DE\" \/>\n<meta property=\"og:type\" content=\"article\" \/>\n<meta property=\"og:title\" content=\"Klasse L - Fahrschule Weber in Marienhafe\" \/>\n<meta property=\"og:description\" content=\"Informationen zur F\u00fchrerscheinklasse L Umfasst sind Zugmaschinen, die gem\u00e4\u00df ihrer Art f\u00fcr den Einsatz in der Forst- und Landwirtschaft errichtet wurden. Deren H\u00f6chstgeschwindigkeit darf zudem 40 Km\/h nicht \u00fcberschreiten. Gemeint sind folglich Trecker, Futtermaschinen, Stapler sowie \u00e4hnliche Last- und Zuggef\u00e4hrte. Ebenso ist die Mitnahme eines Anh\u00e4ngers erlaubt.\" \/>\n<meta property=\"og:url\" content=\"https:\/\/www.fahrschule-marienhafe.de\/?page_id=786\" \/>\n<meta property=\"og:site_name\" content=\"Fahrschule Weber in Marienhafe\" \/>\n<meta property=\"article:modified_time\" content=\"2019-01-27T13:11:49+00:00\" \/>\n<meta name=\"twitter:card\" content=\"summary_large_image\" \/>\n<script type=\"application\/ld+json\" class=\"yoast-schema-graph\">{\"@context\":\"https:\/\/schema.org\",\"@graph\":[{\"@type\":\"WebPage\",\"@id\":\"https:\/\/www.fahrschule-marienhafe.de\/?page_id=786\",\"url\":\"https:\/\/www.fahrschule-marienhafe.de\/?page_id=786\",\"name\":\"Klasse L - Fahrschule Weber in Marienhafe\",\"isPartOf\":{\"@id\":\"https:\/\/www.fahrschule-marienhafe.de\/#website\"},\"datePublished\":\"2019-01-27T13:08:48+00:00\",\"dateModified\":\"2019-01-27T13:11:49+00:00\",\"breadcrumb\":{\"@id\":\"https:\/\/www.fahrschule-marienhafe.de\/?page_id=786#breadcrumb\"},\"inLanguage\":\"de\",\"potentialAction\":[{\"@type\":\"ReadAction\",\"target\":[\"https:\/\/www.fahrschule-marienhafe.de\/?page_id=786\"]}]},{\"@type\":\"BreadcrumbList\",\"@id\":\"https:\/\/www.fahrschule-marienhafe.de\/?page_id=786#breadcrumb\",\"itemListElement\":[{\"@type\":\"ListItem\",\"position\":1,\"name\":\"Startseite\",\"item\":\"https:\/\/www.fahrschule-marienhafe.de\/\"},{\"@type\":\"ListItem\",\"position\":2,\"name\":\"Klasse L\"}]},{\"@type\":\"WebSite\",\"@id\":\"https:\/\/www.fahrschule-marienhafe.de\/#website\",\"url\":\"https:\/\/www.fahrschule-marienhafe.de\/\",\"name\":\"Fahrschule Weber in Marienhafe\",\"description\":\"\",\"potentialAction\":[{\"@type\":\"SearchAction\",\"target\":{\"@type\":\"EntryPoint\",\"urlTemplate\":\"https:\/\/www.fahrschule-marienhafe.de\/?s={search_term_string}\"},\"query-input\":{\"@type\":\"PropertyValueSpecification\",\"valueRequired\":true,\"valueName\":\"search_term_string\"}}],\"inLanguage\":\"de\"}]}<\/script>\n<!-- \/ Yoast SEO plugin. -->","yoast_head_json":{"title":"Klasse L - Fahrschule Weber in Marienhafe","robots":{"index":"index","follow":"follow","max-snippet":"max-snippet:-1","max-image-preview":"max-image-preview:large","max-video-preview":"max-video-preview:-1"},"canonical":"https:\/\/www.fahrschule-marienhafe.de\/?page_id=786","og_locale":"de_DE","og_type":"article","og_title":"Klasse L - Fahrschule Weber in Marienhafe","og_description":"Informationen zur F\u00fchrerscheinklasse L Umfasst sind Zugmaschinen, die gem\u00e4\u00df ihrer Art f\u00fcr den Einsatz in der Forst- und Landwirtschaft errichtet wurden. Deren H\u00f6chstgeschwindigkeit darf zudem 40 Km\/h nicht \u00fcberschreiten. Gemeint sind folglich Trecker, Futtermaschinen, Stapler sowie \u00e4hnliche Last- und Zuggef\u00e4hrte. Ebenso ist die Mitnahme eines Anh\u00e4ngers erlaubt.","og_url":"https:\/\/www.fahrschule-marienhafe.de\/?page_id=786","og_site_name":"Fahrschule Weber in Marienhafe","article_modified_time":"2019-01-27T13:11:49+00:00","twitter_card":"summary_large_image","schema":{"@context":"https:\/\/schema.org","@graph":[{"@type":"WebPage","@id":"https:\/\/www.fahrschule-marienhafe.de\/?page_id=786","url":"https:\/\/www.fahrschule-marienhafe.de\/?page_id=786","name":"Klasse L - Fahrschule Weber in Marienhafe","isPartOf":{"@id":"https:\/\/www.fahrschule-marienhafe.de\/#website"},"datePublished":"2019-01-27T13:08:48+00:00","dateModified":"2019-01-27T13:11:49+00:00","breadcrumb":{"@id":"https:\/\/www.fahrschule-marienhafe.de\/?page_id=786#breadcrumb"},"inLanguage":"de","potentialAction":[{"@type":"ReadAction","target":["https:\/\/www.fahrschule-marienhafe.de\/?page_id=786"]}]},{"@type":"BreadcrumbList","@id":"https:\/\/www.fahrschule-marienhafe.de\/?page_id=786#breadcrumb","itemListElement":[{"@type":"ListItem","position":1,"name":"Startseite","item":"https:\/\/www.fahrschule-marienhafe.de\/"},{"@type":"ListItem","position":2,"name":"Klasse L"}]},{"@type":"WebSite","@id":"https:\/\/www.fahrschule-marienhafe.de\/#website","url":"https:\/\/www.fahrschule-marienhafe.de\/","name":"Fahrschule Weber in Marienhafe","description":"","potentialAction":[{"@type":"SearchAction","target":{"@type":"EntryPoint","urlTemplate":"https:\/\/www.fahrschule-marienhafe.de\/?s={search_term_string}"},"query-input":{"@type":"PropertyValueSpecification","valueRequired":true,"valueName":"search_term_string"}}],"inLanguage":"de"}]}},"_links":{"self":[{"href":"https:\/\/www.fahrschule-marienhafe.de\/index.php?rest_route=\/wp\/v2\/pages\/786","targetHints":{"allow":["GET"]}}],"collection":[{"href":"https:\/\/www.fahrschule-marienhafe.de\/index.php?rest_route=\/wp\/v2\/pages"}],"about":[{"href":"https:\/\/www.fahrschule-marienhafe.de\/index.php?rest_route=\/wp\/v2\/types\/page"}],"author":[{"embeddable":true,"href":"https:\/\/www.fahrschule-marienhafe.de\/index.php?rest_route=\/wp\/v2\/users\/3"}],"replies":[{"embeddable":true,"href":"https:\/\/www.fahrschule-marienhafe.de\/index.php?rest_route=%2Fwp%2Fv2%2Fcomments&post=786"}],"version-history":[{"count":4,"href":"https:\/\/www.fahrschule-marienhafe.de\/index.php?rest_route=\/wp\/v2\/pages\/786\/revisions"}],"predecessor-version":[{"id":790,"href":"https:\/\/www.fahrschule-marienhafe.de\/index.php?rest_route=\/wp\/v2\/pages\/786\/revisions\/790"}],"wp:attachment":[{"href":"https:\/\/www.fahrschule-marienhafe.de\/index.php?rest_route=%2Fwp%2Fv2%2Fmedia&parent=786"}],"curies":[{"name":"wp","href":"https:\/\/api.w.org\/{rel}","templated":true}]}}