{"id":784,"date":"2019-01-27T14:06:40","date_gmt":"2019-01-27T13:06:40","guid":{"rendered":"http:\/\/www.fahrschule-marienhafe.de\/?page_id=784"},"modified":"2022-07-06T15:57:21","modified_gmt":"2022-07-06T13:57:21","slug":"klasse-be","status":"publish","type":"page","link":"https:\/\/www.fahrschule-marienhafe.de\/?page_id=784","title":{"rendered":"Klasse BE"},"content":{"rendered":"[vc_row][vc_column][vc_single_image image=&#8220;860&#8243; img_size=&#8220;full&#8220; alignment=&#8220;center&#8220; style=&#8220;vc_box_shadow_border&#8220; css_animation=&#8220;fadeInDown&#8220;][\/vc_column][\/vc_row][vc_row][vc_column][vc_column_text]\n<h2>Informationen zur F\u00fchrerscheinklasse BE<\/h2>\n<ul>\n<li>Kraftwagen bis 3,5 t z.G.* mit Anh\u00e4nger:<br \/>\nAnh\u00e4nger \u00fcber 750 kg z.G.*, wenn die Summe der Gesamtmassen von Zugwagen und Anh\u00e4nger gr\u00f6\u00dfer ist als 3,5 t.<\/li>\n<\/ul>\n<p>Mindestalter: 18 Jahre (BF17)<br \/>\nVorbesitz: B<\/p>\n<h3>Ausbildung Klasse BE<\/h3>\n<p><strong>Theorie<\/strong><\/p>\n<ul>\n<li>entf\u00e4llt<\/li>\n<\/ul>\n<p><strong>Praxis<\/strong><br \/>\nGrundausbildung nach der Fahrsch\u00fcler \u2013 AusbO<\/p>\n<ul>\n<li>3 Fahrstunden <strong>\u00dcberlandschulung<\/strong><\/li>\n<li>1 Fahrstunde auf <strong>Autobahnen<\/strong><\/li>\n<li>1 Fahrstunde bei <strong>D\u00e4mmerung und Dunkelheit<\/strong><\/li>\n<\/ul>\n<h3>Pr\u00fcfung Klasse BE<\/h3>\n<p><strong>Theorie<\/strong><\/p>\n<ul>\n<li>Keine theoretische Pr\u00fcfung<\/li>\n<\/ul>\n<p><strong>Praxis<\/strong><\/p>\n<ul>\n<li>55 Minuten Pr\u00fcfungszeit. Fahrtechnische Vorbereitung vor Antritt der Pr\u00fcfungsfahrt, Trennen oder Verbinden des Zuges, Fahren inner- und au\u00dferorts, evtl. Autobahn<\/li>\n<\/ul>\n[\/vc_column_text][\/vc_column][\/vc_row]\n","protected":false},"excerpt":{"rendered":"<p>[vc_row][vc_column][vc_single_image image=&#8220;860&#8243; img_size=&#8220;full&#8220; alignment=&#8220;center&#8220; style=&#8220;vc_box_shadow_border&#8220; css_animation=&#8220;fadeInDown&#8220;][\/vc_column][\/vc_row][vc_row][vc_column][vc_column_text] Informationen zur F\u00fchrerscheinklasse BE Kraftwagen bis 3,5 t z.G.* mit Anh\u00e4nger: Anh\u00e4nger \u00fcber 750 kg z.G.*, wenn die Summe der Gesamtmassen von Zugwagen und Anh\u00e4nger gr\u00f6\u00dfer ist als 3,5 t. Mindestalter: 18 Jahre (BF17) Vorbesitz: B Ausbildung Klasse BE Theorie entf\u00e4llt<\/p>\n","protected":false},"author":3,"featured_media":0,"parent":0,"menu_order":0,"comment_status":"closed","ping_status":"closed","template":"","meta":{"footnotes":""},"class_list":["post-784","page","type-page","status-publish","hentry"],"yoast_head":"<!-- This site is optimized with the Yoast SEO plugin v24.1 - https:\/\/yoast.com\/wordpress\/plugins\/seo\/ -->\n<title>Klasse BE - Fahrschule Weber in Marienhafe<\/title>\n<meta name=\"robots\" content=\"index, follow, max-snippet:-1, max-image-preview:large, max-video-preview:-1\" \/>\n<link rel=\"canonical\" href=\"https:\/\/www.fahrschule-marienhafe.de\/?page_id=784\" \/>\n<meta property=\"og:locale\" content=\"de_DE\" \/>\n<meta property=\"og:type\" content=\"article\" \/>\n<meta property=\"og:title\" content=\"Klasse BE - Fahrschule Weber in Marienhafe\" \/>\n<meta property=\"og:description\" content=\"[vc_row][vc_column][vc_single_image image=&#8220;860&#8243; img_size=&#8220;full&#8220; alignment=&#8220;center&#8220; style=&#8220;vc_box_shadow_border&#8220; css_animation=&#8220;fadeInDown&#8220;][\/vc_column][\/vc_row][vc_row][vc_column][vc_column_text] Informationen zur F\u00fchrerscheinklasse BE Kraftwagen bis 3,5 t z.G.* mit Anh\u00e4nger: Anh\u00e4nger \u00fcber 750 kg z.G.*, wenn die Summe der Gesamtmassen von Zugwagen und Anh\u00e4nger gr\u00f6\u00dfer ist als 3,5 t. Mindestalter: 18 Jahre (BF17) Vorbesitz: B Ausbildung Klasse BE Theorie entf\u00e4llt\" \/>\n<meta property=\"og:url\" content=\"https:\/\/www.fahrschule-marienhafe.de\/?page_id=784\" \/>\n<meta property=\"og:site_name\" content=\"Fahrschule Weber in Marienhafe\" \/>\n<meta property=\"article:modified_time\" content=\"2022-07-06T13:57:21+00:00\" \/>\n<meta name=\"twitter:card\" content=\"summary_large_image\" \/>\n<meta name=\"twitter:label1\" content=\"Gesch\u00e4tzte Lesezeit\" \/>\n\t<meta name=\"twitter:data1\" content=\"1\u00a0Minute\" \/>\n<script type=\"application\/ld+json\" class=\"yoast-schema-graph\">{\"@context\":\"https:\/\/schema.org\",\"@graph\":[{\"@type\":\"WebPage\",\"@id\":\"https:\/\/www.fahrschule-marienhafe.de\/?page_id=784\",\"url\":\"https:\/\/www.fahrschule-marienhafe.de\/?page_id=784\",\"name\":\"Klasse BE - Fahrschule Weber in Marienhafe\",\"isPartOf\":{\"@id\":\"https:\/\/www.fahrschule-marienhafe.de\/#website\"},\"datePublished\":\"2019-01-27T13:06:40+00:00\",\"dateModified\":\"2022-07-06T13:57:21+00:00\",\"breadcrumb\":{\"@id\":\"https:\/\/www.fahrschule-marienhafe.de\/?page_id=784#breadcrumb\"},\"inLanguage\":\"de\",\"potentialAction\":[{\"@type\":\"ReadAction\",\"target\":[\"https:\/\/www.fahrschule-marienhafe.de\/?page_id=784\"]}]},{\"@type\":\"BreadcrumbList\",\"@id\":\"https:\/\/www.fahrschule-marienhafe.de\/?page_id=784#breadcrumb\",\"itemListElement\":[{\"@type\":\"ListItem\",\"position\":1,\"name\":\"Startseite\",\"item\":\"https:\/\/www.fahrschule-marienhafe.de\/\"},{\"@type\":\"ListItem\",\"position\":2,\"name\":\"Klasse BE\"}]},{\"@type\":\"WebSite\",\"@id\":\"https:\/\/www.fahrschule-marienhafe.de\/#website\",\"url\":\"https:\/\/www.fahrschule-marienhafe.de\/\",\"name\":\"Fahrschule Weber in Marienhafe\",\"description\":\"\",\"potentialAction\":[{\"@type\":\"SearchAction\",\"target\":{\"@type\":\"EntryPoint\",\"urlTemplate\":\"https:\/\/www.fahrschule-marienhafe.de\/?s={search_term_string}\"},\"query-input\":{\"@type\":\"PropertyValueSpecification\",\"valueRequired\":true,\"valueName\":\"search_term_string\"}}],\"inLanguage\":\"de\"}]}<\/script>\n<!-- \/ Yoast SEO plugin. -->","yoast_head_json":{"title":"Klasse BE - Fahrschule Weber in Marienhafe","robots":{"index":"index","follow":"follow","max-snippet":"max-snippet:-1","max-image-preview":"max-image-preview:large","max-video-preview":"max-video-preview:-1"},"canonical":"https:\/\/www.fahrschule-marienhafe.de\/?page_id=784","og_locale":"de_DE","og_type":"article","og_title":"Klasse BE - Fahrschule Weber in Marienhafe","og_description":"[vc_row][vc_column][vc_single_image image=&#8220;860&#8243; img_size=&#8220;full&#8220; alignment=&#8220;center&#8220; style=&#8220;vc_box_shadow_border&#8220; css_animation=&#8220;fadeInDown&#8220;][\/vc_column][\/vc_row][vc_row][vc_column][vc_column_text] Informationen zur F\u00fchrerscheinklasse BE Kraftwagen bis 3,5 t z.G.* mit Anh\u00e4nger: Anh\u00e4nger \u00fcber 750 kg z.G.*, wenn die Summe der Gesamtmassen von Zugwagen und Anh\u00e4nger gr\u00f6\u00dfer ist als 3,5 t. Mindestalter: 18 Jahre (BF17) Vorbesitz: B Ausbildung Klasse BE Theorie entf\u00e4llt","og_url":"https:\/\/www.fahrschule-marienhafe.de\/?page_id=784","og_site_name":"Fahrschule Weber in Marienhafe","article_modified_time":"2022-07-06T13:57:21+00:00","twitter_card":"summary_large_image","twitter_misc":{"Gesch\u00e4tzte Lesezeit":"1\u00a0Minute"},"schema":{"@context":"https:\/\/schema.org","@graph":[{"@type":"WebPage","@id":"https:\/\/www.fahrschule-marienhafe.de\/?page_id=784","url":"https:\/\/www.fahrschule-marienhafe.de\/?page_id=784","name":"Klasse BE - Fahrschule Weber in Marienhafe","isPartOf":{"@id":"https:\/\/www.fahrschule-marienhafe.de\/#website"},"datePublished":"2019-01-27T13:06:40+00:00","dateModified":"2022-07-06T13:57:21+00:00","breadcrumb":{"@id":"https:\/\/www.fahrschule-marienhafe.de\/?page_id=784#breadcrumb"},"inLanguage":"de","potentialAction":[{"@type":"ReadAction","target":["https:\/\/www.fahrschule-marienhafe.de\/?page_id=784"]}]},{"@type":"BreadcrumbList","@id":"https:\/\/www.fahrschule-marienhafe.de\/?page_id=784#breadcrumb","itemListElement":[{"@type":"ListItem","position":1,"name":"Startseite","item":"https:\/\/www.fahrschule-marienhafe.de\/"},{"@type":"ListItem","position":2,"name":"Klasse BE"}]},{"@type":"WebSite","@id":"https:\/\/www.fahrschule-marienhafe.de\/#website","url":"https:\/\/www.fahrschule-marienhafe.de\/","name":"Fahrschule Weber in Marienhafe","description":"","potentialAction":[{"@type":"SearchAction","target":{"@type":"EntryPoint","urlTemplate":"https:\/\/www.fahrschule-marienhafe.de\/?s={search_term_string}"},"query-input":{"@type":"PropertyValueSpecification","valueRequired":true,"valueName":"search_term_string"}}],"inLanguage":"de"}]}},"_links":{"self":[{"href":"https:\/\/www.fahrschule-marienhafe.de\/index.php?rest_route=\/wp\/v2\/pages\/784","targetHints":{"allow":["GET"]}}],"collection":[{"href":"https:\/\/www.fahrschule-marienhafe.de\/index.php?rest_route=\/wp\/v2\/pages"}],"about":[{"href":"https:\/\/www.fahrschule-marienhafe.de\/index.php?rest_route=\/wp\/v2\/types\/page"}],"author":[{"embeddable":true,"href":"https:\/\/www.fahrschule-marienhafe.de\/index.php?rest_route=\/wp\/v2\/users\/3"}],"replies":[{"embeddable":true,"href":"https:\/\/www.fahrschule-marienhafe.de\/index.php?rest_route=%2Fwp%2Fv2%2Fcomments&post=784"}],"version-history":[{"count":7,"href":"https:\/\/www.fahrschule-marienhafe.de\/index.php?rest_route=\/wp\/v2\/pages\/784\/revisions"}],"predecessor-version":[{"id":1000,"href":"https:\/\/www.fahrschule-marienhafe.de\/index.php?rest_route=\/wp\/v2\/pages\/784\/revisions\/1000"}],"wp:attachment":[{"href":"https:\/\/www.fahrschule-marienhafe.de\/index.php?rest_route=%2Fwp%2Fv2%2Fmedia&parent=784"}],"curies":[{"name":"wp","href":"https:\/\/api.w.org\/{rel}","templated":true}]}}