{"id":779,"date":"2019-01-27T14:03:20","date_gmt":"2019-01-27T13:03:20","guid":{"rendered":"http:\/\/www.fahrschule-marienhafe.de\/?page_id=779"},"modified":"2021-05-01T20:57:27","modified_gmt":"2021-05-01T18:57:27","slug":"klasse-am","status":"publish","type":"page","link":"https:\/\/www.fahrschule-marienhafe.de\/?page_id=779","title":{"rendered":"Klasse AM"},"content":{"rendered":"[vc_row][vc_column][vc_column_text]\n<h2>nformationen zur F\u00fchrerscheinklasse AM<\/h2>\n<p>Einspurige Kleinkraftr\u00e4der \/ Roller \/ Fahrr\u00e4der mit Hilfsmotor bis 50 ccm Hubraum oder Elektromotor bis max. 45 km\/h bauartbedingte H\u00f6chstgeschwindigkeit.<\/p>\n<p>Mindestalter: 16 Jahre<br \/>\nEinschlusskl.: keine<br \/>\nVorbesitz: \u2013<\/p>\n<h3>Ausbildung Klasse AM<\/h3>\n<p><strong>Theorie<\/strong><\/p>\n<ul>\n<li>12 Doppelstunden Grundstoff und<\/li>\n<li>2 Doppelstunden Zusatzstoff<\/li>\n<\/ul>\n<p><strong>Praxis<\/strong><br \/>\n(Die Anzahl der Fahrstunden ist abh\u00e4ngig von den pers\u00f6nlichen F\u00e4higkeiten und dem Lernfortschritt)<\/p>\n<h3>Pr\u00fcfung Klasse AM<\/h3>\n<p><strong>Theorie<\/strong><\/p>\n<ul>\n<li>30 Fragen bei Ersterwerb max. 10 Fehlerpunkte (bei 10 FP nicht bestanden, wenn 2 x 5 FP)<\/li>\n<\/ul>\n<p><strong>Praxis<\/strong><\/p>\n<ul>\n<li>55 Minuten Pr\u00fcfungszeit, meist nur innerorts, Fahrtechnische Vorbereitung vor Antritt der Pr\u00fcfungsfahrt, 4 von 7 Grundfahraufgaben<\/li>\n<\/ul>\n[\/vc_column_text][\/vc_column][\/vc_row]\n","protected":false},"excerpt":{"rendered":"<p>[vc_row][vc_column][vc_column_text] nformationen zur F\u00fchrerscheinklasse AM Einspurige Kleinkraftr\u00e4der \/ Roller \/ Fahrr\u00e4der mit Hilfsmotor bis 50 ccm Hubraum oder Elektromotor bis max. 45 km\/h bauartbedingte H\u00f6chstgeschwindigkeit. Mindestalter: 16 Jahre Einschlusskl.: keine Vorbesitz: \u2013 Ausbildung Klasse AM Theorie 12 Doppelstunden Grundstoff und 2 Doppelstunden Zusatzstoff Praxis (Die Anzahl der<\/p>\n","protected":false},"author":3,"featured_media":0,"parent":0,"menu_order":0,"comment_status":"closed","ping_status":"closed","template":"","meta":{"footnotes":""},"class_list":["post-779","page","type-page","status-publish","hentry"],"yoast_head":"<!-- This site is optimized with the Yoast SEO plugin v24.1 - https:\/\/yoast.com\/wordpress\/plugins\/seo\/ -->\n<title>Klasse AM - Fahrschule Weber in Marienhafe<\/title>\n<meta name=\"robots\" content=\"index, follow, max-snippet:-1, max-image-preview:large, max-video-preview:-1\" \/>\n<link rel=\"canonical\" href=\"https:\/\/www.fahrschule-marienhafe.de\/?page_id=779\" \/>\n<meta property=\"og:locale\" content=\"de_DE\" \/>\n<meta property=\"og:type\" content=\"article\" \/>\n<meta property=\"og:title\" content=\"Klasse AM - Fahrschule Weber in Marienhafe\" \/>\n<meta property=\"og:description\" content=\"[vc_row][vc_column][vc_column_text] nformationen zur F\u00fchrerscheinklasse AM Einspurige Kleinkraftr\u00e4der \/ Roller \/ Fahrr\u00e4der mit Hilfsmotor bis 50 ccm Hubraum oder Elektromotor bis max. 45 km\/h bauartbedingte H\u00f6chstgeschwindigkeit. Mindestalter: 16 Jahre Einschlusskl.: keine Vorbesitz: \u2013 Ausbildung Klasse AM Theorie 12 Doppelstunden Grundstoff und 2 Doppelstunden Zusatzstoff Praxis (Die Anzahl der\" \/>\n<meta property=\"og:url\" content=\"https:\/\/www.fahrschule-marienhafe.de\/?page_id=779\" \/>\n<meta property=\"og:site_name\" content=\"Fahrschule Weber in Marienhafe\" \/>\n<meta property=\"article:modified_time\" content=\"2021-05-01T18:57:27+00:00\" \/>\n<meta name=\"twitter:card\" content=\"summary_large_image\" \/>\n<meta name=\"twitter:label1\" content=\"Gesch\u00e4tzte Lesezeit\" \/>\n\t<meta name=\"twitter:data1\" content=\"1\u00a0Minute\" \/>\n<script type=\"application\/ld+json\" class=\"yoast-schema-graph\">{\"@context\":\"https:\/\/schema.org\",\"@graph\":[{\"@type\":\"WebPage\",\"@id\":\"https:\/\/www.fahrschule-marienhafe.de\/?page_id=779\",\"url\":\"https:\/\/www.fahrschule-marienhafe.de\/?page_id=779\",\"name\":\"Klasse AM - Fahrschule Weber in Marienhafe\",\"isPartOf\":{\"@id\":\"https:\/\/www.fahrschule-marienhafe.de\/#website\"},\"datePublished\":\"2019-01-27T13:03:20+00:00\",\"dateModified\":\"2021-05-01T18:57:27+00:00\",\"breadcrumb\":{\"@id\":\"https:\/\/www.fahrschule-marienhafe.de\/?page_id=779#breadcrumb\"},\"inLanguage\":\"de\",\"potentialAction\":[{\"@type\":\"ReadAction\",\"target\":[\"https:\/\/www.fahrschule-marienhafe.de\/?page_id=779\"]}]},{\"@type\":\"BreadcrumbList\",\"@id\":\"https:\/\/www.fahrschule-marienhafe.de\/?page_id=779#breadcrumb\",\"itemListElement\":[{\"@type\":\"ListItem\",\"position\":1,\"name\":\"Startseite\",\"item\":\"https:\/\/www.fahrschule-marienhafe.de\/\"},{\"@type\":\"ListItem\",\"position\":2,\"name\":\"Klasse AM\"}]},{\"@type\":\"WebSite\",\"@id\":\"https:\/\/www.fahrschule-marienhafe.de\/#website\",\"url\":\"https:\/\/www.fahrschule-marienhafe.de\/\",\"name\":\"Fahrschule Weber in Marienhafe\",\"description\":\"\",\"potentialAction\":[{\"@type\":\"SearchAction\",\"target\":{\"@type\":\"EntryPoint\",\"urlTemplate\":\"https:\/\/www.fahrschule-marienhafe.de\/?s={search_term_string}\"},\"query-input\":{\"@type\":\"PropertyValueSpecification\",\"valueRequired\":true,\"valueName\":\"search_term_string\"}}],\"inLanguage\":\"de\"}]}<\/script>\n<!-- \/ Yoast SEO plugin. -->","yoast_head_json":{"title":"Klasse AM - Fahrschule Weber in Marienhafe","robots":{"index":"index","follow":"follow","max-snippet":"max-snippet:-1","max-image-preview":"max-image-preview:large","max-video-preview":"max-video-preview:-1"},"canonical":"https:\/\/www.fahrschule-marienhafe.de\/?page_id=779","og_locale":"de_DE","og_type":"article","og_title":"Klasse AM - Fahrschule Weber in Marienhafe","og_description":"[vc_row][vc_column][vc_column_text] nformationen zur F\u00fchrerscheinklasse AM Einspurige Kleinkraftr\u00e4der \/ Roller \/ Fahrr\u00e4der mit Hilfsmotor bis 50 ccm Hubraum oder Elektromotor bis max. 45 km\/h bauartbedingte H\u00f6chstgeschwindigkeit. Mindestalter: 16 Jahre Einschlusskl.: keine Vorbesitz: \u2013 Ausbildung Klasse AM Theorie 12 Doppelstunden Grundstoff und 2 Doppelstunden Zusatzstoff Praxis (Die Anzahl der","og_url":"https:\/\/www.fahrschule-marienhafe.de\/?page_id=779","og_site_name":"Fahrschule Weber in Marienhafe","article_modified_time":"2021-05-01T18:57:27+00:00","twitter_card":"summary_large_image","twitter_misc":{"Gesch\u00e4tzte Lesezeit":"1\u00a0Minute"},"schema":{"@context":"https:\/\/schema.org","@graph":[{"@type":"WebPage","@id":"https:\/\/www.fahrschule-marienhafe.de\/?page_id=779","url":"https:\/\/www.fahrschule-marienhafe.de\/?page_id=779","name":"Klasse AM - Fahrschule Weber in Marienhafe","isPartOf":{"@id":"https:\/\/www.fahrschule-marienhafe.de\/#website"},"datePublished":"2019-01-27T13:03:20+00:00","dateModified":"2021-05-01T18:57:27+00:00","breadcrumb":{"@id":"https:\/\/www.fahrschule-marienhafe.de\/?page_id=779#breadcrumb"},"inLanguage":"de","potentialAction":[{"@type":"ReadAction","target":["https:\/\/www.fahrschule-marienhafe.de\/?page_id=779"]}]},{"@type":"BreadcrumbList","@id":"https:\/\/www.fahrschule-marienhafe.de\/?page_id=779#breadcrumb","itemListElement":[{"@type":"ListItem","position":1,"name":"Startseite","item":"https:\/\/www.fahrschule-marienhafe.de\/"},{"@type":"ListItem","position":2,"name":"Klasse AM"}]},{"@type":"WebSite","@id":"https:\/\/www.fahrschule-marienhafe.de\/#website","url":"https:\/\/www.fahrschule-marienhafe.de\/","name":"Fahrschule Weber in Marienhafe","description":"","potentialAction":[{"@type":"SearchAction","target":{"@type":"EntryPoint","urlTemplate":"https:\/\/www.fahrschule-marienhafe.de\/?s={search_term_string}"},"query-input":{"@type":"PropertyValueSpecification","valueRequired":true,"valueName":"search_term_string"}}],"inLanguage":"de"}]}},"_links":{"self":[{"href":"https:\/\/www.fahrschule-marienhafe.de\/index.php?rest_route=\/wp\/v2\/pages\/779","targetHints":{"allow":["GET"]}}],"collection":[{"href":"https:\/\/www.fahrschule-marienhafe.de\/index.php?rest_route=\/wp\/v2\/pages"}],"about":[{"href":"https:\/\/www.fahrschule-marienhafe.de\/index.php?rest_route=\/wp\/v2\/types\/page"}],"author":[{"embeddable":true,"href":"https:\/\/www.fahrschule-marienhafe.de\/index.php?rest_route=\/wp\/v2\/users\/3"}],"replies":[{"embeddable":true,"href":"https:\/\/www.fahrschule-marienhafe.de\/index.php?rest_route=%2Fwp%2Fv2%2Fcomments&post=779"}],"version-history":[{"count":2,"href":"https:\/\/www.fahrschule-marienhafe.de\/index.php?rest_route=\/wp\/v2\/pages\/779\/revisions"}],"predecessor-version":[{"id":892,"href":"https:\/\/www.fahrschule-marienhafe.de\/index.php?rest_route=\/wp\/v2\/pages\/779\/revisions\/892"}],"wp:attachment":[{"href":"https:\/\/www.fahrschule-marienhafe.de\/index.php?rest_route=%2Fwp%2Fv2%2Fmedia&parent=779"}],"curies":[{"name":"wp","href":"https:\/\/api.w.org\/{rel}","templated":true}]}}