{"id":775,"date":"2019-01-27T13:56:11","date_gmt":"2019-01-27T12:56:11","guid":{"rendered":"http:\/\/www.fahrschule-marienhafe.de\/?page_id=775"},"modified":"2022-07-06T15:59:52","modified_gmt":"2022-07-06T13:59:52","slug":"klasse-a2","status":"publish","type":"page","link":"https:\/\/www.fahrschule-marienhafe.de\/?page_id=775","title":{"rendered":"Klasse A2"},"content":{"rendered":"[vc_row][vc_column][vc_single_image image=&#8220;856&#8243; img_size=&#8220;500&#8243; alignment=&#8220;center&#8220; style=&#8220;vc_box_shadow_border&#8220; css_animation=&#8220;fadeIn&#8220;][\/vc_column][\/vc_row][vc_row][vc_column][vc_column_text]\n<h2>Informationen zur F\u00fchrerscheinklasse A2<\/h2>\n<p>Motorr\u00e4der mit mehr als 50 ccm Hubraum und mehr als 45 km\/h H\u00f6chstgeschwindigkeit beschr\u00e4nkt auf eine Nennleistung von nicht mehr als 48 PS und nicht mehr als 0,2 KW pro Kilogramm Leergewicht.<\/p>\n<p>Mindestalter: 18 Jahre<br \/>\nEinschlusskl.: A1,<br \/>\nVorbesitz: \u2013<\/p>\n<h3>Ausbildung Klasse A2<\/h3>\n<p><strong>Theorie<br \/>\n<\/strong><\/p>\n<ul>\n<li>Theorie entf\u00e4llt bei <strong>Vorbesitz Klasse A1<\/strong><\/li>\n<li>12 Doppelstunden Grundstoff bei <strong>Ersterwerb<\/strong><\/li>\n<li>6 Doppelstunden Grundstoff bei <strong>Erweiterung<\/strong><\/li>\n<li>4 Doppelstunden <strong>Zusatzstoff<\/strong><\/li>\n<\/ul>\n<p><strong>Praxis<\/strong><br \/>\nGrundausbildung nach der Fahrsch\u00fcler \u2013 AusbO<br \/>\nPraxis Pflichtstunden entfallen bei <strong>Vorbesitz Klasse A1<\/strong><\/p>\n<ul>\n<li>5 Fahrstunden\u00a0<strong>\u00dcberlandschulung<\/strong><\/li>\n<li>4 Fahrstunden auf\u00a0<strong>Autobahnen<\/strong><\/li>\n<li>3 Fahrstunden bei\u00a0<strong>D\u00e4mmerung und Dunkelheit<\/strong><\/li>\n<\/ul>\n<h3>Pr\u00fcfung Klasse A2<\/h3>\n<p><strong>Theorie\u00a0<\/strong><\/p>\n<ul>\n<li>Theorie entf\u00e4llt bei <strong>Vorbesitz Klasse A1<\/strong><\/li>\n<li>30 Fragen bei Ersterwerb max. 10 Fehlerpunkte (bei 10 FP nicht bestanden, wenn 2 x 5 FP)<\/li>\n<li>20 Fragen bei Erweiterung max. 6 Fehlerpunkte<\/li>\n<\/ul>\n<p><strong>Praxis<\/strong><\/p>\n<ul>\n<li><strong>Bei Vorbesitz Klasse A1<br \/>\n<\/strong>60 Minuten Pr\u00fcfungszeit. Fahrtechnische Vorbereitung vor Antritt der Pr\u00fcfungsfahrt inner- und au\u00dferorts evtl. Autobahn, 4\u00a0 Grundfahraufgaben<\/li>\n<li><strong>Ohne Vorbesitz Klasse A1<br \/>\n<\/strong>70 Minuten Pr\u00fcfungszeit. Fahrtechnische Vorbereitung vor Antritt der Pr\u00fcfungsfahrt inner- und au\u00dferorts evtl. Autobahn, 6 von 9 Grundfahraufgaben<\/li>\n<\/ul>\n[\/vc_column_text][\/vc_column][\/vc_row]\n","protected":false},"excerpt":{"rendered":"<p>[vc_row][vc_column][vc_single_image image=&#8220;856&#8243; img_size=&#8220;500&#8243; alignment=&#8220;center&#8220; style=&#8220;vc_box_shadow_border&#8220; css_animation=&#8220;fadeIn&#8220;][\/vc_column][\/vc_row][vc_row][vc_column][vc_column_text] Informationen zur F\u00fchrerscheinklasse A2 Motorr\u00e4der mit mehr als 50 ccm Hubraum und mehr als 45 km\/h H\u00f6chstgeschwindigkeit beschr\u00e4nkt auf eine Nennleistung von nicht mehr als 48 PS und nicht mehr als 0,2 KW pro Kilogramm Leergewicht. Mindestalter: 18 Jahre Einschlusskl.: A1,<\/p>\n","protected":false},"author":3,"featured_media":0,"parent":0,"menu_order":0,"comment_status":"closed","ping_status":"closed","template":"","meta":{"footnotes":""},"class_list":["post-775","page","type-page","status-publish","hentry"],"yoast_head":"<!-- This site is optimized with the Yoast SEO plugin v24.1 - https:\/\/yoast.com\/wordpress\/plugins\/seo\/ -->\n<title>Klasse A2 - Fahrschule Weber in Marienhafe<\/title>\n<meta name=\"robots\" content=\"index, follow, max-snippet:-1, max-image-preview:large, max-video-preview:-1\" \/>\n<link rel=\"canonical\" href=\"https:\/\/www.fahrschule-marienhafe.de\/?page_id=775\" \/>\n<meta property=\"og:locale\" content=\"de_DE\" \/>\n<meta property=\"og:type\" content=\"article\" \/>\n<meta property=\"og:title\" content=\"Klasse A2 - Fahrschule Weber in Marienhafe\" \/>\n<meta property=\"og:description\" content=\"[vc_row][vc_column][vc_single_image image=&#8220;856&#8243; img_size=&#8220;500&#8243; alignment=&#8220;center&#8220; style=&#8220;vc_box_shadow_border&#8220; css_animation=&#8220;fadeIn&#8220;][\/vc_column][\/vc_row][vc_row][vc_column][vc_column_text] Informationen zur F\u00fchrerscheinklasse A2 Motorr\u00e4der mit mehr als 50 ccm Hubraum und mehr als 45 km\/h H\u00f6chstgeschwindigkeit beschr\u00e4nkt auf eine Nennleistung von nicht mehr als 48 PS und nicht mehr als 0,2 KW pro Kilogramm Leergewicht. Mindestalter: 18 Jahre Einschlusskl.: A1,\" \/>\n<meta property=\"og:url\" content=\"https:\/\/www.fahrschule-marienhafe.de\/?page_id=775\" \/>\n<meta property=\"og:site_name\" content=\"Fahrschule Weber in Marienhafe\" \/>\n<meta property=\"article:modified_time\" content=\"2022-07-06T13:59:52+00:00\" \/>\n<meta name=\"twitter:card\" content=\"summary_large_image\" \/>\n<meta name=\"twitter:label1\" content=\"Gesch\u00e4tzte Lesezeit\" \/>\n\t<meta name=\"twitter:data1\" content=\"1\u00a0Minute\" \/>\n<script type=\"application\/ld+json\" class=\"yoast-schema-graph\">{\"@context\":\"https:\/\/schema.org\",\"@graph\":[{\"@type\":\"WebPage\",\"@id\":\"https:\/\/www.fahrschule-marienhafe.de\/?page_id=775\",\"url\":\"https:\/\/www.fahrschule-marienhafe.de\/?page_id=775\",\"name\":\"Klasse A2 - Fahrschule Weber in Marienhafe\",\"isPartOf\":{\"@id\":\"https:\/\/www.fahrschule-marienhafe.de\/#website\"},\"datePublished\":\"2019-01-27T12:56:11+00:00\",\"dateModified\":\"2022-07-06T13:59:52+00:00\",\"breadcrumb\":{\"@id\":\"https:\/\/www.fahrschule-marienhafe.de\/?page_id=775#breadcrumb\"},\"inLanguage\":\"de\",\"potentialAction\":[{\"@type\":\"ReadAction\",\"target\":[\"https:\/\/www.fahrschule-marienhafe.de\/?page_id=775\"]}]},{\"@type\":\"BreadcrumbList\",\"@id\":\"https:\/\/www.fahrschule-marienhafe.de\/?page_id=775#breadcrumb\",\"itemListElement\":[{\"@type\":\"ListItem\",\"position\":1,\"name\":\"Startseite\",\"item\":\"https:\/\/www.fahrschule-marienhafe.de\/\"},{\"@type\":\"ListItem\",\"position\":2,\"name\":\"Klasse A2\"}]},{\"@type\":\"WebSite\",\"@id\":\"https:\/\/www.fahrschule-marienhafe.de\/#website\",\"url\":\"https:\/\/www.fahrschule-marienhafe.de\/\",\"name\":\"Fahrschule Weber in Marienhafe\",\"description\":\"\",\"potentialAction\":[{\"@type\":\"SearchAction\",\"target\":{\"@type\":\"EntryPoint\",\"urlTemplate\":\"https:\/\/www.fahrschule-marienhafe.de\/?s={search_term_string}\"},\"query-input\":{\"@type\":\"PropertyValueSpecification\",\"valueRequired\":true,\"valueName\":\"search_term_string\"}}],\"inLanguage\":\"de\"}]}<\/script>\n<!-- \/ Yoast SEO plugin. -->","yoast_head_json":{"title":"Klasse A2 - Fahrschule Weber in Marienhafe","robots":{"index":"index","follow":"follow","max-snippet":"max-snippet:-1","max-image-preview":"max-image-preview:large","max-video-preview":"max-video-preview:-1"},"canonical":"https:\/\/www.fahrschule-marienhafe.de\/?page_id=775","og_locale":"de_DE","og_type":"article","og_title":"Klasse A2 - Fahrschule Weber in Marienhafe","og_description":"[vc_row][vc_column][vc_single_image image=&#8220;856&#8243; img_size=&#8220;500&#8243; alignment=&#8220;center&#8220; style=&#8220;vc_box_shadow_border&#8220; css_animation=&#8220;fadeIn&#8220;][\/vc_column][\/vc_row][vc_row][vc_column][vc_column_text] Informationen zur F\u00fchrerscheinklasse A2 Motorr\u00e4der mit mehr als 50 ccm Hubraum und mehr als 45 km\/h H\u00f6chstgeschwindigkeit beschr\u00e4nkt auf eine Nennleistung von nicht mehr als 48 PS und nicht mehr als 0,2 KW pro Kilogramm Leergewicht. Mindestalter: 18 Jahre Einschlusskl.: A1,","og_url":"https:\/\/www.fahrschule-marienhafe.de\/?page_id=775","og_site_name":"Fahrschule Weber in Marienhafe","article_modified_time":"2022-07-06T13:59:52+00:00","twitter_card":"summary_large_image","twitter_misc":{"Gesch\u00e4tzte Lesezeit":"1\u00a0Minute"},"schema":{"@context":"https:\/\/schema.org","@graph":[{"@type":"WebPage","@id":"https:\/\/www.fahrschule-marienhafe.de\/?page_id=775","url":"https:\/\/www.fahrschule-marienhafe.de\/?page_id=775","name":"Klasse A2 - Fahrschule Weber in Marienhafe","isPartOf":{"@id":"https:\/\/www.fahrschule-marienhafe.de\/#website"},"datePublished":"2019-01-27T12:56:11+00:00","dateModified":"2022-07-06T13:59:52+00:00","breadcrumb":{"@id":"https:\/\/www.fahrschule-marienhafe.de\/?page_id=775#breadcrumb"},"inLanguage":"de","potentialAction":[{"@type":"ReadAction","target":["https:\/\/www.fahrschule-marienhafe.de\/?page_id=775"]}]},{"@type":"BreadcrumbList","@id":"https:\/\/www.fahrschule-marienhafe.de\/?page_id=775#breadcrumb","itemListElement":[{"@type":"ListItem","position":1,"name":"Startseite","item":"https:\/\/www.fahrschule-marienhafe.de\/"},{"@type":"ListItem","position":2,"name":"Klasse A2"}]},{"@type":"WebSite","@id":"https:\/\/www.fahrschule-marienhafe.de\/#website","url":"https:\/\/www.fahrschule-marienhafe.de\/","name":"Fahrschule Weber in Marienhafe","description":"","potentialAction":[{"@type":"SearchAction","target":{"@type":"EntryPoint","urlTemplate":"https:\/\/www.fahrschule-marienhafe.de\/?s={search_term_string}"},"query-input":{"@type":"PropertyValueSpecification","valueRequired":true,"valueName":"search_term_string"}}],"inLanguage":"de"}]}},"_links":{"self":[{"href":"https:\/\/www.fahrschule-marienhafe.de\/index.php?rest_route=\/wp\/v2\/pages\/775","targetHints":{"allow":["GET"]}}],"collection":[{"href":"https:\/\/www.fahrschule-marienhafe.de\/index.php?rest_route=\/wp\/v2\/pages"}],"about":[{"href":"https:\/\/www.fahrschule-marienhafe.de\/index.php?rest_route=\/wp\/v2\/types\/page"}],"author":[{"embeddable":true,"href":"https:\/\/www.fahrschule-marienhafe.de\/index.php?rest_route=\/wp\/v2\/users\/3"}],"replies":[{"embeddable":true,"href":"https:\/\/www.fahrschule-marienhafe.de\/index.php?rest_route=%2Fwp%2Fv2%2Fcomments&post=775"}],"version-history":[{"count":14,"href":"https:\/\/www.fahrschule-marienhafe.de\/index.php?rest_route=\/wp\/v2\/pages\/775\/revisions"}],"predecessor-version":[{"id":1002,"href":"https:\/\/www.fahrschule-marienhafe.de\/index.php?rest_route=\/wp\/v2\/pages\/775\/revisions\/1002"}],"wp:attachment":[{"href":"https:\/\/www.fahrschule-marienhafe.de\/index.php?rest_route=%2Fwp%2Fv2%2Fmedia&parent=775"}],"curies":[{"name":"wp","href":"https:\/\/api.w.org\/{rel}","templated":true}]}}