{"id":771,"date":"2019-01-27T13:46:08","date_gmt":"2019-01-27T12:46:08","guid":{"rendered":"http:\/\/www.fahrschule-marienhafe.de\/?page_id=771"},"modified":"2022-07-06T15:58:59","modified_gmt":"2022-07-06T13:58:59","slug":"klasse-a1","status":"publish","type":"page","link":"https:\/\/www.fahrschule-marienhafe.de\/?page_id=771","title":{"rendered":"Klasse A1"},"content":{"rendered":"[vc_row][vc_column][vc_single_image image=&#8220;857&#8243; img_size=&#8220;500&#8243; alignment=&#8220;center&#8220; style=&#8220;vc_box_shadow_border&#8220; css_animation=&#8220;bounceIn&#8220;][\/vc_column][\/vc_row][vc_row][vc_column][vc_column_text]\n<h2>Informationen zur F\u00fchrerscheinklasse A1<\/h2>\n<p>Motorr\u00e4der (Leichtkraft-R\u00e4der) bis 125 ccm3 Hubraum und nicht mehr als 11 KW Motorleistung. Au\u00dferdem nicht mehr als 0,1 KW pro Kilogramm Leergewicht.<\/p>\n<p>Mindestalter: 16 Jahre<br \/>\nEinschlusskl.: AM<\/p>\n<h3>Ausbildung Klasse A1<\/h3>\n<p><strong>Theorie<\/strong><\/p>\n<ul>\n<li>12 Doppelstunden Grundstoff bei <strong>Ersterwerb<\/strong><\/li>\n<li>4 Doppelstunden <strong>Zusatzstoff<\/strong><\/li>\n<\/ul>\n<p><strong>Praxis<\/strong><br \/>\nGrundausbildung nach der Fahrsch\u00fcler \u2013 AusbO<\/p>\n<ul>\n<li>5 Fahrstunden\u00a0<strong>\u00dcberlandschulung<\/strong><\/li>\n<li>4 Fahrstunden auf\u00a0<strong>Autobahnen<\/strong><\/li>\n<li>3 Fahrstunden bei\u00a0<strong>D\u00e4mmerung und Dunkelheit<\/strong><\/li>\n<\/ul>\n<h3>Pr\u00fcfung Klasse A1<\/h3>\n<p><strong>Theorie<\/strong><\/p>\n<ul>\n<li>30 Fragen bei Ersterwerb max. 10 Fehlerpunkte (bei 10 FP nicht bestanden, wenn 2 x 5 FP)<\/li>\n<\/ul>\n<p><strong>Praxis<\/strong><\/p>\n<ul>\n<li>70 Minuten Pr\u00fcfungszeit. Fahrtechnische Vorbereitung vor Antritt der Pr\u00fcfungsfahrt, inner- und au\u00dferorts, evtl. Autobahn, 6 von 9 Grundfahraufgaben<\/li>\n<\/ul>\n[\/vc_column_text][\/vc_column][\/vc_row]\n","protected":false},"excerpt":{"rendered":"<p>[vc_row][vc_column][vc_single_image image=&#8220;857&#8243; img_size=&#8220;500&#8243; alignment=&#8220;center&#8220; style=&#8220;vc_box_shadow_border&#8220; css_animation=&#8220;bounceIn&#8220;][\/vc_column][\/vc_row][vc_row][vc_column][vc_column_text] Informationen zur F\u00fchrerscheinklasse A1 Motorr\u00e4der (Leichtkraft-R\u00e4der) bis 125 ccm3 Hubraum und nicht mehr als 11 KW Motorleistung. Au\u00dferdem nicht mehr als 0,1 KW pro Kilogramm Leergewicht. Mindestalter: 16 Jahre Einschlusskl.: AM Ausbildung Klasse A1 Theorie 12 Doppelstunden Grundstoff bei Ersterwerb 4<\/p>\n","protected":false},"author":3,"featured_media":0,"parent":0,"menu_order":0,"comment_status":"closed","ping_status":"closed","template":"","meta":{"footnotes":""},"class_list":["post-771","page","type-page","status-publish","hentry"],"yoast_head":"<!-- This site is optimized with the Yoast SEO plugin v24.1 - https:\/\/yoast.com\/wordpress\/plugins\/seo\/ -->\n<title>Klasse A1 - Fahrschule Weber in Marienhafe<\/title>\n<meta name=\"robots\" content=\"index, follow, max-snippet:-1, max-image-preview:large, max-video-preview:-1\" \/>\n<link rel=\"canonical\" href=\"https:\/\/www.fahrschule-marienhafe.de\/?page_id=771\" \/>\n<meta property=\"og:locale\" content=\"de_DE\" \/>\n<meta property=\"og:type\" content=\"article\" \/>\n<meta property=\"og:title\" content=\"Klasse A1 - Fahrschule Weber in Marienhafe\" \/>\n<meta property=\"og:description\" content=\"[vc_row][vc_column][vc_single_image image=&#8220;857&#8243; img_size=&#8220;500&#8243; alignment=&#8220;center&#8220; style=&#8220;vc_box_shadow_border&#8220; css_animation=&#8220;bounceIn&#8220;][\/vc_column][\/vc_row][vc_row][vc_column][vc_column_text] Informationen zur F\u00fchrerscheinklasse A1 Motorr\u00e4der (Leichtkraft-R\u00e4der) bis 125 ccm3 Hubraum und nicht mehr als 11 KW Motorleistung. Au\u00dferdem nicht mehr als 0,1 KW pro Kilogramm Leergewicht. Mindestalter: 16 Jahre Einschlusskl.: AM Ausbildung Klasse A1 Theorie 12 Doppelstunden Grundstoff bei Ersterwerb 4\" \/>\n<meta property=\"og:url\" content=\"https:\/\/www.fahrschule-marienhafe.de\/?page_id=771\" \/>\n<meta property=\"og:site_name\" content=\"Fahrschule Weber in Marienhafe\" \/>\n<meta property=\"article:modified_time\" content=\"2022-07-06T13:58:59+00:00\" \/>\n<meta name=\"twitter:card\" content=\"summary_large_image\" \/>\n<meta name=\"twitter:label1\" content=\"Gesch\u00e4tzte Lesezeit\" \/>\n\t<meta name=\"twitter:data1\" content=\"1\u00a0Minute\" \/>\n<script type=\"application\/ld+json\" class=\"yoast-schema-graph\">{\"@context\":\"https:\/\/schema.org\",\"@graph\":[{\"@type\":\"WebPage\",\"@id\":\"https:\/\/www.fahrschule-marienhafe.de\/?page_id=771\",\"url\":\"https:\/\/www.fahrschule-marienhafe.de\/?page_id=771\",\"name\":\"Klasse A1 - Fahrschule Weber in Marienhafe\",\"isPartOf\":{\"@id\":\"https:\/\/www.fahrschule-marienhafe.de\/#website\"},\"datePublished\":\"2019-01-27T12:46:08+00:00\",\"dateModified\":\"2022-07-06T13:58:59+00:00\",\"breadcrumb\":{\"@id\":\"https:\/\/www.fahrschule-marienhafe.de\/?page_id=771#breadcrumb\"},\"inLanguage\":\"de\",\"potentialAction\":[{\"@type\":\"ReadAction\",\"target\":[\"https:\/\/www.fahrschule-marienhafe.de\/?page_id=771\"]}]},{\"@type\":\"BreadcrumbList\",\"@id\":\"https:\/\/www.fahrschule-marienhafe.de\/?page_id=771#breadcrumb\",\"itemListElement\":[{\"@type\":\"ListItem\",\"position\":1,\"name\":\"Startseite\",\"item\":\"https:\/\/www.fahrschule-marienhafe.de\/\"},{\"@type\":\"ListItem\",\"position\":2,\"name\":\"Klasse A1\"}]},{\"@type\":\"WebSite\",\"@id\":\"https:\/\/www.fahrschule-marienhafe.de\/#website\",\"url\":\"https:\/\/www.fahrschule-marienhafe.de\/\",\"name\":\"Fahrschule Weber in Marienhafe\",\"description\":\"\",\"potentialAction\":[{\"@type\":\"SearchAction\",\"target\":{\"@type\":\"EntryPoint\",\"urlTemplate\":\"https:\/\/www.fahrschule-marienhafe.de\/?s={search_term_string}\"},\"query-input\":{\"@type\":\"PropertyValueSpecification\",\"valueRequired\":true,\"valueName\":\"search_term_string\"}}],\"inLanguage\":\"de\"}]}<\/script>\n<!-- \/ Yoast SEO plugin. -->","yoast_head_json":{"title":"Klasse A1 - Fahrschule Weber in Marienhafe","robots":{"index":"index","follow":"follow","max-snippet":"max-snippet:-1","max-image-preview":"max-image-preview:large","max-video-preview":"max-video-preview:-1"},"canonical":"https:\/\/www.fahrschule-marienhafe.de\/?page_id=771","og_locale":"de_DE","og_type":"article","og_title":"Klasse A1 - Fahrschule Weber in Marienhafe","og_description":"[vc_row][vc_column][vc_single_image image=&#8220;857&#8243; img_size=&#8220;500&#8243; alignment=&#8220;center&#8220; style=&#8220;vc_box_shadow_border&#8220; css_animation=&#8220;bounceIn&#8220;][\/vc_column][\/vc_row][vc_row][vc_column][vc_column_text] Informationen zur F\u00fchrerscheinklasse A1 Motorr\u00e4der (Leichtkraft-R\u00e4der) bis 125 ccm3 Hubraum und nicht mehr als 11 KW Motorleistung. Au\u00dferdem nicht mehr als 0,1 KW pro Kilogramm Leergewicht. Mindestalter: 16 Jahre Einschlusskl.: AM Ausbildung Klasse A1 Theorie 12 Doppelstunden Grundstoff bei Ersterwerb 4","og_url":"https:\/\/www.fahrschule-marienhafe.de\/?page_id=771","og_site_name":"Fahrschule Weber in Marienhafe","article_modified_time":"2022-07-06T13:58:59+00:00","twitter_card":"summary_large_image","twitter_misc":{"Gesch\u00e4tzte Lesezeit":"1\u00a0Minute"},"schema":{"@context":"https:\/\/schema.org","@graph":[{"@type":"WebPage","@id":"https:\/\/www.fahrschule-marienhafe.de\/?page_id=771","url":"https:\/\/www.fahrschule-marienhafe.de\/?page_id=771","name":"Klasse A1 - Fahrschule Weber in Marienhafe","isPartOf":{"@id":"https:\/\/www.fahrschule-marienhafe.de\/#website"},"datePublished":"2019-01-27T12:46:08+00:00","dateModified":"2022-07-06T13:58:59+00:00","breadcrumb":{"@id":"https:\/\/www.fahrschule-marienhafe.de\/?page_id=771#breadcrumb"},"inLanguage":"de","potentialAction":[{"@type":"ReadAction","target":["https:\/\/www.fahrschule-marienhafe.de\/?page_id=771"]}]},{"@type":"BreadcrumbList","@id":"https:\/\/www.fahrschule-marienhafe.de\/?page_id=771#breadcrumb","itemListElement":[{"@type":"ListItem","position":1,"name":"Startseite","item":"https:\/\/www.fahrschule-marienhafe.de\/"},{"@type":"ListItem","position":2,"name":"Klasse A1"}]},{"@type":"WebSite","@id":"https:\/\/www.fahrschule-marienhafe.de\/#website","url":"https:\/\/www.fahrschule-marienhafe.de\/","name":"Fahrschule Weber in Marienhafe","description":"","potentialAction":[{"@type":"SearchAction","target":{"@type":"EntryPoint","urlTemplate":"https:\/\/www.fahrschule-marienhafe.de\/?s={search_term_string}"},"query-input":{"@type":"PropertyValueSpecification","valueRequired":true,"valueName":"search_term_string"}}],"inLanguage":"de"}]}},"_links":{"self":[{"href":"https:\/\/www.fahrschule-marienhafe.de\/index.php?rest_route=\/wp\/v2\/pages\/771","targetHints":{"allow":["GET"]}}],"collection":[{"href":"https:\/\/www.fahrschule-marienhafe.de\/index.php?rest_route=\/wp\/v2\/pages"}],"about":[{"href":"https:\/\/www.fahrschule-marienhafe.de\/index.php?rest_route=\/wp\/v2\/types\/page"}],"author":[{"embeddable":true,"href":"https:\/\/www.fahrschule-marienhafe.de\/index.php?rest_route=\/wp\/v2\/users\/3"}],"replies":[{"embeddable":true,"href":"https:\/\/www.fahrschule-marienhafe.de\/index.php?rest_route=%2Fwp%2Fv2%2Fcomments&post=771"}],"version-history":[{"count":7,"href":"https:\/\/www.fahrschule-marienhafe.de\/index.php?rest_route=\/wp\/v2\/pages\/771\/revisions"}],"predecessor-version":[{"id":1001,"href":"https:\/\/www.fahrschule-marienhafe.de\/index.php?rest_route=\/wp\/v2\/pages\/771\/revisions\/1001"}],"wp:attachment":[{"href":"https:\/\/www.fahrschule-marienhafe.de\/index.php?rest_route=%2Fwp%2Fv2%2Fmedia&parent=771"}],"curies":[{"name":"wp","href":"https:\/\/api.w.org\/{rel}","templated":true}]}}