{"id":766,"date":"2019-01-27T13:39:22","date_gmt":"2019-01-27T12:39:22","guid":{"rendered":"http:\/\/www.fahrschule-marienhafe.de\/?page_id=766"},"modified":"2022-07-06T15:56:07","modified_gmt":"2022-07-06T13:56:07","slug":"klasse-b-bf17","status":"publish","type":"page","link":"https:\/\/www.fahrschule-marienhafe.de\/?page_id=766","title":{"rendered":"Klasse B (BF17)"},"content":{"rendered":"[vc_row][vc_column][vc_column_text]\n<h2>Informationen zur F\u00fchrerscheinklasse B (BF17)<\/h2>\n<ul>\n<li>Kraftwagen bis 3,5 t zul\u00e4ssige Gesamtmasse<\/li>\n<li>Kraftwagen bis 3,5 t zul\u00e4ssige Gesamtmasse mit Anh\u00e4nger: Anh\u00e4nger bis 750 kg zul\u00e4ssige Gesamtmasse<\/li>\n<li>Anh\u00e4nger \u00fcber 750 kg zul\u00e4ssige Gesamtmasse , wenn die Summe der zul\u00e4ssigen Gesamtmasse von Anh\u00e4nger und Zugfahrzeug nicht gr\u00f6\u00dfer ist als 3,5 t zul\u00e4ssige Gesamtmasse.<\/li>\n<\/ul>\n<p>&nbsp;<\/p>\n<p>Mindestalter: 18 Jahre (17 Jahre)<br \/>\nEinschlusskl.: AM, L<br \/>\nVorbesitz : kein Vorbesitz erforderlich &#8211; Direkt Einstieg.<\/p>\n<h3>Ausbildung Klasse B (BF17)<\/h3>\n<p><strong>Theorie<\/strong><\/p>\n<ul>\n<li>12 Doppelstunden Grundstoff bei <strong>Ersterwerb<\/strong><\/li>\n<li>6 Doppelstunden Grundstoff bei <b>(Bei Vorbesitz einer Fahrerlaubnis)\u00a0<\/b><\/li>\n<li>2 Doppelstunden <strong>Zusatzstoff<\/strong><\/li>\n<\/ul>\n<p><strong>Praxis<\/strong><br \/>\nGrundausbildung nach der Fahrsch\u00fcler \u2013 AusbO<\/p>\n<ul>\n<li>5 Fahrstunden <strong>\u00dcberlandschulung<\/strong><\/li>\n<li>4 Fahrstunden auf <strong>Autobahnen<\/strong><\/li>\n<li>3 Fahrstunden bei <strong>D\u00e4mmerung und Dunkelheit<\/strong><\/li>\n<\/ul>\n<h3>Pr\u00fcfung Klasse B (BF17)<\/h3>\n<p><strong>Theorie<\/strong><\/p>\n<ul>\n<li>30 Fragen bei Ersterwerb max. 10 Fehlerpunkte (bei 10 FP nicht bestanden, wenn 2 x 5 FP)<\/li>\n<li>20 Fragen bei Vorbesitz einer Fahrerlaubnis max. 6 Fehlerpunkte<\/li>\n<\/ul>\n<p><strong>Praxis<\/strong><\/p>\n<ul>\n<li>55 Minuten Pr\u00fcfungszeit. Fahrtechnische Vorbereitung vor Antritt der Pr\u00fcfungsfahrt, inner- und au\u00dferorts, evtl. Autobahn, 2 von 5 Grundfahraufgaben<\/li>\n<\/ul>\n<p>&nbsp;[\/vc_column_text][\/vc_column][\/vc_row]\n","protected":false},"excerpt":{"rendered":"<p>[vc_row][vc_column][vc_column_text] Informationen zur F\u00fchrerscheinklasse B (BF17) Kraftwagen bis 3,5 t zul\u00e4ssige Gesamtmasse Kraftwagen bis 3,5 t zul\u00e4ssige Gesamtmasse mit Anh\u00e4nger: Anh\u00e4nger bis 750 kg zul\u00e4ssige Gesamtmasse Anh\u00e4nger \u00fcber 750 kg zul\u00e4ssige Gesamtmasse , wenn die Summe der zul\u00e4ssigen Gesamtmasse von Anh\u00e4nger und Zugfahrzeug nicht gr\u00f6\u00dfer ist als<\/p>\n","protected":false},"author":3,"featured_media":0,"parent":0,"menu_order":0,"comment_status":"closed","ping_status":"closed","template":"","meta":{"footnotes":""},"class_list":["post-766","page","type-page","status-publish","hentry"],"yoast_head":"<!-- This site is optimized with the Yoast SEO plugin v24.1 - https:\/\/yoast.com\/wordpress\/plugins\/seo\/ -->\n<title>Klasse B (BF17) - Fahrschule Weber in Marienhafe<\/title>\n<meta name=\"robots\" content=\"index, follow, max-snippet:-1, max-image-preview:large, max-video-preview:-1\" \/>\n<link rel=\"canonical\" href=\"https:\/\/www.fahrschule-marienhafe.de\/?page_id=766\" \/>\n<meta property=\"og:locale\" content=\"de_DE\" \/>\n<meta property=\"og:type\" content=\"article\" \/>\n<meta property=\"og:title\" content=\"Klasse B (BF17) - Fahrschule Weber in Marienhafe\" \/>\n<meta property=\"og:description\" content=\"[vc_row][vc_column][vc_column_text] Informationen zur F\u00fchrerscheinklasse B (BF17) Kraftwagen bis 3,5 t zul\u00e4ssige Gesamtmasse Kraftwagen bis 3,5 t zul\u00e4ssige Gesamtmasse mit Anh\u00e4nger: Anh\u00e4nger bis 750 kg zul\u00e4ssige Gesamtmasse Anh\u00e4nger \u00fcber 750 kg zul\u00e4ssige Gesamtmasse , wenn die Summe der zul\u00e4ssigen Gesamtmasse von Anh\u00e4nger und Zugfahrzeug nicht gr\u00f6\u00dfer ist als\" \/>\n<meta property=\"og:url\" content=\"https:\/\/www.fahrschule-marienhafe.de\/?page_id=766\" \/>\n<meta property=\"og:site_name\" content=\"Fahrschule Weber in Marienhafe\" \/>\n<meta property=\"article:modified_time\" content=\"2022-07-06T13:56:07+00:00\" \/>\n<meta name=\"twitter:card\" content=\"summary_large_image\" \/>\n<meta name=\"twitter:label1\" content=\"Gesch\u00e4tzte Lesezeit\" \/>\n\t<meta name=\"twitter:data1\" content=\"1\u00a0Minute\" \/>\n<script type=\"application\/ld+json\" class=\"yoast-schema-graph\">{\"@context\":\"https:\/\/schema.org\",\"@graph\":[{\"@type\":\"WebPage\",\"@id\":\"https:\/\/www.fahrschule-marienhafe.de\/?page_id=766\",\"url\":\"https:\/\/www.fahrschule-marienhafe.de\/?page_id=766\",\"name\":\"Klasse B (BF17) - Fahrschule Weber in Marienhafe\",\"isPartOf\":{\"@id\":\"https:\/\/www.fahrschule-marienhafe.de\/#website\"},\"datePublished\":\"2019-01-27T12:39:22+00:00\",\"dateModified\":\"2022-07-06T13:56:07+00:00\",\"breadcrumb\":{\"@id\":\"https:\/\/www.fahrschule-marienhafe.de\/?page_id=766#breadcrumb\"},\"inLanguage\":\"de\",\"potentialAction\":[{\"@type\":\"ReadAction\",\"target\":[\"https:\/\/www.fahrschule-marienhafe.de\/?page_id=766\"]}]},{\"@type\":\"BreadcrumbList\",\"@id\":\"https:\/\/www.fahrschule-marienhafe.de\/?page_id=766#breadcrumb\",\"itemListElement\":[{\"@type\":\"ListItem\",\"position\":1,\"name\":\"Startseite\",\"item\":\"https:\/\/www.fahrschule-marienhafe.de\/\"},{\"@type\":\"ListItem\",\"position\":2,\"name\":\"Klasse B (BF17)\"}]},{\"@type\":\"WebSite\",\"@id\":\"https:\/\/www.fahrschule-marienhafe.de\/#website\",\"url\":\"https:\/\/www.fahrschule-marienhafe.de\/\",\"name\":\"Fahrschule Weber in Marienhafe\",\"description\":\"\",\"potentialAction\":[{\"@type\":\"SearchAction\",\"target\":{\"@type\":\"EntryPoint\",\"urlTemplate\":\"https:\/\/www.fahrschule-marienhafe.de\/?s={search_term_string}\"},\"query-input\":{\"@type\":\"PropertyValueSpecification\",\"valueRequired\":true,\"valueName\":\"search_term_string\"}}],\"inLanguage\":\"de\"}]}<\/script>\n<!-- \/ Yoast SEO plugin. -->","yoast_head_json":{"title":"Klasse B (BF17) - Fahrschule Weber in Marienhafe","robots":{"index":"index","follow":"follow","max-snippet":"max-snippet:-1","max-image-preview":"max-image-preview:large","max-video-preview":"max-video-preview:-1"},"canonical":"https:\/\/www.fahrschule-marienhafe.de\/?page_id=766","og_locale":"de_DE","og_type":"article","og_title":"Klasse B (BF17) - Fahrschule Weber in Marienhafe","og_description":"[vc_row][vc_column][vc_column_text] Informationen zur F\u00fchrerscheinklasse B (BF17) Kraftwagen bis 3,5 t zul\u00e4ssige Gesamtmasse Kraftwagen bis 3,5 t zul\u00e4ssige Gesamtmasse mit Anh\u00e4nger: Anh\u00e4nger bis 750 kg zul\u00e4ssige Gesamtmasse Anh\u00e4nger \u00fcber 750 kg zul\u00e4ssige Gesamtmasse , wenn die Summe der zul\u00e4ssigen Gesamtmasse von Anh\u00e4nger und Zugfahrzeug nicht gr\u00f6\u00dfer ist als","og_url":"https:\/\/www.fahrschule-marienhafe.de\/?page_id=766","og_site_name":"Fahrschule Weber in Marienhafe","article_modified_time":"2022-07-06T13:56:07+00:00","twitter_card":"summary_large_image","twitter_misc":{"Gesch\u00e4tzte Lesezeit":"1\u00a0Minute"},"schema":{"@context":"https:\/\/schema.org","@graph":[{"@type":"WebPage","@id":"https:\/\/www.fahrschule-marienhafe.de\/?page_id=766","url":"https:\/\/www.fahrschule-marienhafe.de\/?page_id=766","name":"Klasse B (BF17) - Fahrschule Weber in Marienhafe","isPartOf":{"@id":"https:\/\/www.fahrschule-marienhafe.de\/#website"},"datePublished":"2019-01-27T12:39:22+00:00","dateModified":"2022-07-06T13:56:07+00:00","breadcrumb":{"@id":"https:\/\/www.fahrschule-marienhafe.de\/?page_id=766#breadcrumb"},"inLanguage":"de","potentialAction":[{"@type":"ReadAction","target":["https:\/\/www.fahrschule-marienhafe.de\/?page_id=766"]}]},{"@type":"BreadcrumbList","@id":"https:\/\/www.fahrschule-marienhafe.de\/?page_id=766#breadcrumb","itemListElement":[{"@type":"ListItem","position":1,"name":"Startseite","item":"https:\/\/www.fahrschule-marienhafe.de\/"},{"@type":"ListItem","position":2,"name":"Klasse B (BF17)"}]},{"@type":"WebSite","@id":"https:\/\/www.fahrschule-marienhafe.de\/#website","url":"https:\/\/www.fahrschule-marienhafe.de\/","name":"Fahrschule Weber in Marienhafe","description":"","potentialAction":[{"@type":"SearchAction","target":{"@type":"EntryPoint","urlTemplate":"https:\/\/www.fahrschule-marienhafe.de\/?s={search_term_string}"},"query-input":{"@type":"PropertyValueSpecification","valueRequired":true,"valueName":"search_term_string"}}],"inLanguage":"de"}]}},"_links":{"self":[{"href":"https:\/\/www.fahrschule-marienhafe.de\/index.php?rest_route=\/wp\/v2\/pages\/766","targetHints":{"allow":["GET"]}}],"collection":[{"href":"https:\/\/www.fahrschule-marienhafe.de\/index.php?rest_route=\/wp\/v2\/pages"}],"about":[{"href":"https:\/\/www.fahrschule-marienhafe.de\/index.php?rest_route=\/wp\/v2\/types\/page"}],"author":[{"embeddable":true,"href":"https:\/\/www.fahrschule-marienhafe.de\/index.php?rest_route=\/wp\/v2\/users\/3"}],"replies":[{"embeddable":true,"href":"https:\/\/www.fahrschule-marienhafe.de\/index.php?rest_route=%2Fwp%2Fv2%2Fcomments&post=766"}],"version-history":[{"count":11,"href":"https:\/\/www.fahrschule-marienhafe.de\/index.php?rest_route=\/wp\/v2\/pages\/766\/revisions"}],"predecessor-version":[{"id":999,"href":"https:\/\/www.fahrschule-marienhafe.de\/index.php?rest_route=\/wp\/v2\/pages\/766\/revisions\/999"}],"wp:attachment":[{"href":"https:\/\/www.fahrschule-marienhafe.de\/index.php?rest_route=%2Fwp%2Fv2%2Fmedia&parent=766"}],"curies":[{"name":"wp","href":"https:\/\/api.w.org\/{rel}","templated":true}]}}