{"id":7,"date":"2017-08-11T14:02:47","date_gmt":"2017-08-11T18:02:47","guid":{"rendered":"http:\/\/www.fahrschule-marienhafe.de\/udesign-welcome\/"},"modified":"2024-12-26T12:49:34","modified_gmt":"2024-12-26T11:49:34","slug":"startseite","status":"publish","type":"page","link":"https:\/\/www.fahrschule-marienhafe.de\/","title":{"rendered":"Startseite"},"content":{"rendered":"[vc_row full_width=&#8220;stretch_row&#8220; parallax=&#8220;content-moving&#8220; css=&#8220;.vc_custom_1657095530097{margin-top: 0px !important;background-color: #316aaa !important;}&#8220;][vc_column width=&#8220;1\/2&#8243; css=&#8220;.vc_custom_1508360753978{margin-top: -10px !important;}&#8220;][vc_column_text]\n<h3 class=\"home-section-title\"><span style=\"color: #333333; font-size: 18pt;\">B\u00dcROZEITEN<\/span><\/h3>\n[\/vc_column_text][vc_column_text css=&#8220;.vc_custom_1657094663808{margin-top: -30px !important;margin-bottom: 15px !important;}&#8220;]\n<h2><span style=\"font-size: 14pt; color: #ffffff;\">Dienstag &amp; Donnerstag<\/span><\/h2>\n<p><span style=\"font-size: 14pt; color: #ffffff;\">18:00 &#8211; 19:00 Uhr<\/span>[\/vc_column_text][vc_column_text]\n<h3 class=\"home-section-title\"><span style=\"color: #333333; font-size: 18pt;\">PR\u00c4SENZUNTERRICHT<\/span><\/h3>\n[\/vc_column_text][vc_column_text css=&#8220;.vc_custom_1657094681711{margin-top: -30px !important;margin-bottom: 15px !important;}&#8220;]\n<h2><span style=\"font-size: 14pt; color: #ffffff;\">Dienstag &amp; Donnerstag<\/span><\/h2>\n<p><span style=\"font-size: 14pt; color: #ffffff;\">19:00\u00a0 &#8211;\u00a0 20:30 Uhr<\/span>[\/vc_column_text][vc_column_text css_animation=&#8220;fadeInRight&#8220;]<span style=\"color: #ffffff;\">Der Theorieunterricht wird in lockerer und gem\u00fctlicher Atmosph\u00e4re mit modernen<\/span><br \/>\n<span style=\"color: #ffffff;\">Unterrichtsmedien gestaltet.<\/span><\/p>\n<div class=\"border_frame\">\n<div class=\"csc-textpic csc-textpic-intext-right\">\n<div class=\"csc-textpic-text\"><\/div>\n<\/div>\n<\/div>\n[\/vc_column_text][\/vc_column][vc_column width=&#8220;1\/2&#8243;][vc_column_text]\n<h2 class=\"home-section-title\"><span style=\"color: #333333;\">WAS MIR WICHTIG IST<\/span><\/h2>\n[\/vc_column_text][vc_column_text css_animation=&#8220;fadeInLeft&#8220;]<span style=\"color: #ffffff;\">Mit unserer langj\u00e4hrigen Berufserfahrung und einem\u00a0<strong>erfahrenen und motivierten Fahrlehrer\u00a0<\/strong>bieten wir die Ausbildung\u00a0\u00a0f\u00fcr \u201eJung und Alt\u201c an. Aktuelle Anpassungen und Optimierungen der zu vermittelnden Inhalte sichert nachhaltig unseren\u00a0<strong>Ausbildungserfolg<\/strong>.<\/span><\/p>\n<p><span style=\"color: #ffffff;\">Mir liegt sehr viel daran, dass meine Fahrsch\u00fclerinnen und Fahrsch\u00fcler die Pr\u00fcfung auf Anhieb bestehen! Eine gute Ausbildung gew\u00e4hrleistet, dass Sie sich als F\u00fchrerscheinneuling von der ersten Alleinfahrt an sicher f\u00fchlen und schwierigen Verkehrssituationen mit Vorsicht und K\u00f6nnen begegnen.<\/span>[\/vc_column_text][\/vc_column][\/vc_row][vc_row][vc_column][\/vc_column][\/vc_row][vc_row full_width=&#8220;stretch_row&#8220; content_placement=&#8220;middle&#8220; css=&#8220;.vc_custom_1656094013206{background-color: #f5f6fa !important;}&#8220;][vc_column width=&#8220;1\/3&#8243;][\/vc_column][vc_column width=&#8220;1\/3&#8243;][vc_single_image image=&#8220;913&#8243; alignment=&#8220;center&#8220; onclick=&#8220;custom_link&#8220; img_link_target=&#8220;_blank&#8220; link=&#8220;https:\/\/www.instagram.com\/weber.fahrschule\/&#8220; title=&#8220;folge mir&#8220;][\/vc_column][vc_column width=&#8220;1\/3&#8243;][\/vc_column][\/vc_row][vc_row][vc_column][vc_column_text css_animation=&#8220;fadeIn&#8220; css=&#8220;.vc_custom_1657101320884{margin-top: 50px !important;}&#8220;]\n<h2 class=\"home-section-title\" style=\"text-align: center;\"><a id=\"klasse\"><\/a><span style=\"font-size: 24pt;\">Klassen\u00fcbersicht<\/span><\/h2>\n[\/vc_column_text][\/vc_column][\/vc_row][vc_row][vc_column width=&#8220;1\/4&#8243;][vc_icon icon_fontawesome=&#8220;fa fa-hand-o-down&#8220; color=&#8220;black&#8220; size=&#8220;lg&#8220; align=&#8220;center&#8220; css_animation=&#8220;slideInUp&#8220;][\/vc_column][vc_column width=&#8220;1\/4&#8243;][vc_single_image image=&#8220;722&#8243; alignment=&#8220;center&#8220; onclick=&#8220;custom_link&#8220; css_animation=&#8220;fadeIn&#8220; css=&#8220;.vc_custom_1657101276776{background-color: #316aaa !important;}&#8220; link=&#8220;http:\/\/www.fahrschule-marienhafe.de\/klasse-a\/&#8220;][\/vc_column][vc_column width=&#8220;1\/4&#8243;][vc_single_image image=&#8220;720&#8243; alignment=&#8220;center&#8220; onclick=&#8220;custom_link&#8220; css_animation=&#8220;fadeIn&#8220; css=&#8220;.vc_custom_1657094924834{background-color: #316aaa !important;}&#8220; link=&#8220;http:\/\/www.fahrschule-marienhafe.de\/klasse-a1\/&#8220;][\/vc_column][vc_column width=&#8220;1\/4&#8243;][vc_single_image image=&#8220;721&#8243; alignment=&#8220;center&#8220; onclick=&#8220;custom_link&#8220; css_animation=&#8220;fadeIn&#8220; css=&#8220;.vc_custom_1657094941567{background-color: #316aaa !important;}&#8220; link=&#8220;https:\/\/www.fahrschule-marienhafe.de\/klasse-a2\/&#8220;][\/vc_column][\/vc_row][vc_row full_width=&#8220;stretch_row&#8220; css=&#8220;.vc_custom_1508362183708{background-color: #f5f6fa !important;}&#8220;][vc_column width=&#8220;1\/4&#8243;][vc_single_image image=&#8220;717&#8243; alignment=&#8220;center&#8220; onclick=&#8220;custom_link&#8220; css_animation=&#8220;fadeIn&#8220; css=&#8220;.vc_custom_1657094976162{background-color: #316aaa !important;}&#8220; link=&#8220;http:\/\/www.fahrschule-marienhafe.de\/klasse-b-bf17\/&#8220;][\/vc_column][vc_column width=&#8220;1\/4&#8243;][vc_single_image image=&#8220;911&#8243; alignment=&#8220;center&#8220; onclick=&#8220;custom_link&#8220; css_animation=&#8220;fadeIn&#8220; css=&#8220;.vc_custom_1657094986631{background-color: #316aaa !important;}&#8220; link=&#8220;http:\/\/www.fahrschule-marienhafe.de\/klasse-be\/&#8220;][\/vc_column][vc_column width=&#8220;1\/4&#8243;][vc_single_image image=&#8220;718&#8243; alignment=&#8220;center&#8220; onclick=&#8220;custom_link&#8220; css_animation=&#8220;fadeIn&#8220; css=&#8220;.vc_custom_1657094995528{background-color: #316aaa !important;}&#8220; link=&#8220;http:\/\/www.fahrschule-marienhafe.de\/klasse-l\/&#8220;][\/vc_column][vc_column width=&#8220;1\/4&#8243;][vc_single_image image=&#8220;719&#8243; alignment=&#8220;center&#8220; onclick=&#8220;custom_link&#8220; css_animation=&#8220;fadeIn&#8220; css=&#8220;.vc_custom_1657094954778{background-color: #316aaa !important;}&#8220; link=&#8220;http:\/\/www.fahrschule-marienhafe.de\/klasse-am\/&#8220;][\/vc_column][\/vc_row][vc_row full_width=&#8220;stretch_row_content&#8220; css=&#8220;.vc_custom_1507672268911{background-color: #eaebef !important;}&#8220;][vc_column width=&#8220;1\/3&#8243; css=&#8220;.vc_custom_1507141034910{margin-top: 20px !important;}&#8220;][vc_column_text css_animation=&#8220;fadeIn&#8220;]\n<h2 class=\"home-section-title\" style=\"text-align: center;\"><a id=\"mich\"><\/a>Seit \u00fcber 40 Jahren<br \/>\nFahrschule<br \/>\nJ\u00fcrgen Weber<\/h2>\n[\/vc_column_text][vc_column_text css_animation=&#8220;fadeIn&#8220;]\n<p style=\"text-align: center;\">Ich betreibe meine <strong>Fahrschule in Marienhafe<\/strong> seit \u00fcber 40 Jahren.<\/p>\n<p style=\"text-align: center;\">Mittlerweile habe ich viele Fahrsch\u00fclerinnen und Fahrsch\u00fcler mit Geduld und Sachverstand auf die Gefahren im Stra\u00dfenverkehr und die H\u00fcrden bei der theoretischen und praktischen Pr\u00fcfung vorbereitet.<\/p>\n<p style=\"text-align: center;\">Dabei gew\u00e4hrleiste ich, den Spa\u00df beim Fahren und der Theorie nicht zu kurz kommen zu lassen.<\/p>\n[\/vc_column_text][\/vc_column][vc_column width=&#8220;2\/3&#8243; css=&#8220;.vc_custom_1509390533652{margin-top: -35px !important;margin-bottom: -35px !important;}&#8220; offset=&#8220;vc_hidden-xs&#8220;][vc_single_image image=&#8220;855&#8243; img_size=&#8220;full&#8220;][\/vc_column][\/vc_row]\n","protected":false},"excerpt":{"rendered":"<p>[vc_row full_width=&#8220;stretch_row&#8220; parallax=&#8220;content-moving&#8220; css=&#8220;.vc_custom_1657095530097{margin-top: 0px !important;background-color: #316aaa !important;}&#8220;][vc_column width=&#8220;1\/2&#8243; css=&#8220;.vc_custom_1508360753978{margin-top: -10px !important;}&#8220;][vc_column_text] B\u00dcROZEITEN [\/vc_column_text][vc_column_text css=&#8220;.vc_custom_1657094663808{margin-top: -30px !important;margin-bottom: 15px !important;}&#8220;] Dienstag &amp; Donnerstag 18:00 &#8211; 19:00 Uhr[\/vc_column_text][vc_column_text] PR\u00c4SENZUNTERRICHT [\/vc_column_text][vc_column_text css=&#8220;.vc_custom_1657094681711{margin-top: -30px !important;margin-bottom: 15px !important;}&#8220;] Dienstag &amp; Donnerstag 19:00\u00a0 &#8211;\u00a0 20:30 Uhr[\/vc_column_text][vc_column_text css_animation=&#8220;fadeInRight&#8220;]Der Theorieunterricht wird in lockerer und gem\u00fctlicher<\/p>\n","protected":false},"author":3,"featured_media":0,"parent":0,"menu_order":0,"comment_status":"closed","ping_status":"closed","template":"page-FullWidth.php","meta":{"footnotes":""},"class_list":["post-7","page","type-page","status-publish","hentry"],"yoast_head":"<!-- This site is optimized with the Yoast SEO plugin v24.1 - https:\/\/yoast.com\/wordpress\/plugins\/seo\/ -->\n<title>J\u00fcrgen Weber deine Fahrschule in Marienhafe, S\u00fcdbrookmerland<\/title>\n<meta name=\"description\" content=\"Ein erfahrenen und motivierten Fahrlehrer bietet die Ausbildung f\u00fcr \u201eJung und Alt\u201c an. Aktuelle Anpassungen und Optimierungen der zu vermittelnden Inhalte sichert nachhaltig unseren Ausbildungserfolg. Unterrichtszeiten immer Dienstag und Donnerstag 19:00 Uhr \u2013 20:30 Uhr\" \/>\n<meta name=\"robots\" content=\"index, follow, max-snippet:-1, max-image-preview:large, max-video-preview:-1\" \/>\n<link rel=\"canonical\" href=\"https:\/\/www.fahrschule-marienhafe.de\/\" \/>\n<meta property=\"og:locale\" content=\"de_DE\" \/>\n<meta property=\"og:type\" content=\"article\" \/>\n<meta property=\"og:title\" content=\"J\u00fcrgen Weber deine Fahrschule in Marienhafe, S\u00fcdbrookmerland\" \/>\n<meta property=\"og:description\" content=\"Ein erfahrenen und motivierten Fahrlehrer bietet die Ausbildung f\u00fcr \u201eJung und Alt\u201c an. Aktuelle Anpassungen und Optimierungen der zu vermittelnden Inhalte sichert nachhaltig unseren Ausbildungserfolg. Unterrichtszeiten immer Dienstag und Donnerstag 19:00 Uhr \u2013 20:30 Uhr\" \/>\n<meta property=\"og:url\" content=\"https:\/\/www.fahrschule-marienhafe.de\/\" \/>\n<meta property=\"og:site_name\" content=\"Fahrschule Weber in Marienhafe\" \/>\n<meta property=\"article:modified_time\" content=\"2024-12-26T11:49:34+00:00\" \/>\n<meta name=\"twitter:card\" content=\"summary_large_image\" \/>\n<meta name=\"twitter:label1\" content=\"Gesch\u00e4tzte Lesezeit\" \/>\n\t<meta name=\"twitter:data1\" content=\"2\u00a0Minuten\" \/>\n<script type=\"application\/ld+json\" class=\"yoast-schema-graph\">{\"@context\":\"https:\/\/schema.org\",\"@graph\":[{\"@type\":\"WebPage\",\"@id\":\"https:\/\/www.fahrschule-marienhafe.de\/\",\"url\":\"https:\/\/www.fahrschule-marienhafe.de\/\",\"name\":\"J\u00fcrgen Weber deine Fahrschule in Marienhafe, S\u00fcdbrookmerland\",\"isPartOf\":{\"@id\":\"https:\/\/www.fahrschule-marienhafe.de\/#website\"},\"datePublished\":\"2017-08-11T18:02:47+00:00\",\"dateModified\":\"2024-12-26T11:49:34+00:00\",\"description\":\"Ein erfahrenen und motivierten Fahrlehrer bietet die Ausbildung f\u00fcr \u201eJung und Alt\u201c an. Aktuelle Anpassungen und Optimierungen der zu vermittelnden Inhalte sichert nachhaltig unseren Ausbildungserfolg. Unterrichtszeiten immer Dienstag und Donnerstag 19:00 Uhr \u2013 20:30 Uhr\",\"breadcrumb\":{\"@id\":\"https:\/\/www.fahrschule-marienhafe.de\/#breadcrumb\"},\"inLanguage\":\"de\",\"potentialAction\":[{\"@type\":\"ReadAction\",\"target\":[\"https:\/\/www.fahrschule-marienhafe.de\/\"]}]},{\"@type\":\"BreadcrumbList\",\"@id\":\"https:\/\/www.fahrschule-marienhafe.de\/#breadcrumb\",\"itemListElement\":[{\"@type\":\"ListItem\",\"position\":1,\"name\":\"Startseite\",\"item\":\"https:\/\/www.fahrschule-marienhafe.de\/\"},{\"@type\":\"ListItem\",\"position\":2,\"name\":\"Startseite\"}]},{\"@type\":\"WebSite\",\"@id\":\"https:\/\/www.fahrschule-marienhafe.de\/#website\",\"url\":\"https:\/\/www.fahrschule-marienhafe.de\/\",\"name\":\"Fahrschule Weber in Marienhafe\",\"description\":\"\",\"potentialAction\":[{\"@type\":\"SearchAction\",\"target\":{\"@type\":\"EntryPoint\",\"urlTemplate\":\"https:\/\/www.fahrschule-marienhafe.de\/?s={search_term_string}\"},\"query-input\":{\"@type\":\"PropertyValueSpecification\",\"valueRequired\":true,\"valueName\":\"search_term_string\"}}],\"inLanguage\":\"de\"}]}<\/script>\n<!-- \/ Yoast SEO plugin. -->","yoast_head_json":{"title":"J\u00fcrgen Weber deine Fahrschule in Marienhafe, S\u00fcdbrookmerland","description":"Ein erfahrenen und motivierten Fahrlehrer bietet die Ausbildung f\u00fcr \u201eJung und Alt\u201c an. Aktuelle Anpassungen und Optimierungen der zu vermittelnden Inhalte sichert nachhaltig unseren Ausbildungserfolg. Unterrichtszeiten immer Dienstag und Donnerstag 19:00 Uhr \u2013 20:30 Uhr","robots":{"index":"index","follow":"follow","max-snippet":"max-snippet:-1","max-image-preview":"max-image-preview:large","max-video-preview":"max-video-preview:-1"},"canonical":"https:\/\/www.fahrschule-marienhafe.de\/","og_locale":"de_DE","og_type":"article","og_title":"J\u00fcrgen Weber deine Fahrschule in Marienhafe, S\u00fcdbrookmerland","og_description":"Ein erfahrenen und motivierten Fahrlehrer bietet die Ausbildung f\u00fcr \u201eJung und Alt\u201c an. Aktuelle Anpassungen und Optimierungen der zu vermittelnden Inhalte sichert nachhaltig unseren Ausbildungserfolg. Unterrichtszeiten immer Dienstag und Donnerstag 19:00 Uhr \u2013 20:30 Uhr","og_url":"https:\/\/www.fahrschule-marienhafe.de\/","og_site_name":"Fahrschule Weber in Marienhafe","article_modified_time":"2024-12-26T11:49:34+00:00","twitter_card":"summary_large_image","twitter_misc":{"Gesch\u00e4tzte Lesezeit":"2\u00a0Minuten"},"schema":{"@context":"https:\/\/schema.org","@graph":[{"@type":"WebPage","@id":"https:\/\/www.fahrschule-marienhafe.de\/","url":"https:\/\/www.fahrschule-marienhafe.de\/","name":"J\u00fcrgen Weber deine Fahrschule in Marienhafe, S\u00fcdbrookmerland","isPartOf":{"@id":"https:\/\/www.fahrschule-marienhafe.de\/#website"},"datePublished":"2017-08-11T18:02:47+00:00","dateModified":"2024-12-26T11:49:34+00:00","description":"Ein erfahrenen und motivierten Fahrlehrer bietet die Ausbildung f\u00fcr \u201eJung und Alt\u201c an. Aktuelle Anpassungen und Optimierungen der zu vermittelnden Inhalte sichert nachhaltig unseren Ausbildungserfolg. Unterrichtszeiten immer Dienstag und Donnerstag 19:00 Uhr \u2013 20:30 Uhr","breadcrumb":{"@id":"https:\/\/www.fahrschule-marienhafe.de\/#breadcrumb"},"inLanguage":"de","potentialAction":[{"@type":"ReadAction","target":["https:\/\/www.fahrschule-marienhafe.de\/"]}]},{"@type":"BreadcrumbList","@id":"https:\/\/www.fahrschule-marienhafe.de\/#breadcrumb","itemListElement":[{"@type":"ListItem","position":1,"name":"Startseite","item":"https:\/\/www.fahrschule-marienhafe.de\/"},{"@type":"ListItem","position":2,"name":"Startseite"}]},{"@type":"WebSite","@id":"https:\/\/www.fahrschule-marienhafe.de\/#website","url":"https:\/\/www.fahrschule-marienhafe.de\/","name":"Fahrschule Weber in Marienhafe","description":"","potentialAction":[{"@type":"SearchAction","target":{"@type":"EntryPoint","urlTemplate":"https:\/\/www.fahrschule-marienhafe.de\/?s={search_term_string}"},"query-input":{"@type":"PropertyValueSpecification","valueRequired":true,"valueName":"search_term_string"}}],"inLanguage":"de"}]}},"_links":{"self":[{"href":"https:\/\/www.fahrschule-marienhafe.de\/index.php?rest_route=\/wp\/v2\/pages\/7","targetHints":{"allow":["GET"]}}],"collection":[{"href":"https:\/\/www.fahrschule-marienhafe.de\/index.php?rest_route=\/wp\/v2\/pages"}],"about":[{"href":"https:\/\/www.fahrschule-marienhafe.de\/index.php?rest_route=\/wp\/v2\/types\/page"}],"author":[{"embeddable":true,"href":"https:\/\/www.fahrschule-marienhafe.de\/index.php?rest_route=\/wp\/v2\/users\/3"}],"replies":[{"embeddable":true,"href":"https:\/\/www.fahrschule-marienhafe.de\/index.php?rest_route=%2Fwp%2Fv2%2Fcomments&post=7"}],"version-history":[{"count":101,"href":"https:\/\/www.fahrschule-marienhafe.de\/index.php?rest_route=\/wp\/v2\/pages\/7\/revisions"}],"predecessor-version":[{"id":1010,"href":"https:\/\/www.fahrschule-marienhafe.de\/index.php?rest_route=\/wp\/v2\/pages\/7\/revisions\/1010"}],"wp:attachment":[{"href":"https:\/\/www.fahrschule-marienhafe.de\/index.php?rest_route=%2Fwp%2Fv2%2Fmedia&parent=7"}],"curies":[{"name":"wp","href":"https:\/\/api.w.org\/{rel}","templated":true}]}}